{"id":14414,"date":"2022-12-12T16:37:22","date_gmt":"2022-12-12T13:37:22","guid":{"rendered":"https:\/\/www.dendesign.com.tr\/urun\/copper-candle\/"},"modified":"2022-12-12T17:15:40","modified_gmt":"2022-12-12T14:15:40","slug":"copper-candle","status":"publish","type":"product","link":"https:\/\/www.dendesign.com.tr\/en\/product\/copper-candle\/","title":{"rendered":"Copper Candle"},"content":{"rendered":"<p>&#8211;<\/p>\n<p>To make your candle look and smell better for longer, when you first light it, let it burn for 2-3 hours until the entire surface has melted to prevent tunneling. Trim the wick to to 5-6 mm after every use as well. It burns optimally until you&#8217;ve got 1-1.5 cm of wax left. Finally, never leave your burning candle alone!<\/p>\n","protected":false},"excerpt":{"rendered":"<p>The history of Den Design mounts to a few generations back. We want to share our story with this candle, handmade in Gaziantep Copper Bazaar where Bak\u0131rc\u0131 surname found meaning. <\/p>\n<p>The grandfather of Deniz Bak\u0131rc\u0131, \u0130brahim Halil Bak\u0131rc\u0131 (&#8220;Bak\u0131rc\u0131&#8221; meaning &#8220;copper worker&#8221;) used to make his living by copper working in the business he founded and named &#8220;\u00d6zenir Coper Works&#8221;. While this skill and the passion have been transferred onwords over generations, we continue to enrich spaces with modern-day design approach and touch.<\/p>\n<p>Top Notes: Cardamom, Saffron, Cypriot, Black Pepper<br \/>\nHeart Notes: Cashmere, Rose, Jasmine, Patchouli<br \/>\nBase Notes: Cedarwood, Vanilla, Sandalwood, Musk<\/p>\n","protected":false},"featured_media":14401,"comment_status":"open","ping_status":"closed","template":"","meta":[],"product_cat":[],"product_tag":[],"class_list":{"0":"post-14414","1":"product","2":"type-product","3":"status-publish","4":"has-post-thumbnail","6":"product_shipping_class-kargolu-kucuk-urun","8":"first","9":"instock","10":"taxable","11":"shipping-taxable","12":"purchasable","13":"product-type-simple"},"yoast_head":"<!-- This site is optimized with the Yoast SEO plugin v23.1 - https:\/\/yoast.com\/wordpress\/plugins\/seo\/ -->\n<title>Copper Candle | Den Design<\/title>\n<meta name=\"description\" content=\"The history of Den Design mounts to a few generations back. We want to share our story with this candle, handmade in Gaziantep Copper Bazaar where Bak\u0131rc\u0131 surname found meaning.  The grandfather of Deniz Bak\u0131rc\u0131, \u0130brahim Halil Bak\u0131rc\u0131 (&quot;Bak\u0131rc\u0131&quot; meaning &quot;copper worker&quot;) used to make his living by copper working in the business he founded and named &quot;\u00d6zenir Coper Works&quot;. While this skill and the passion have been transferred onwords over generations, we continue to enrich spaces with modern-day design approach and touch. Top Notes: Cardamom, Saffron, Cypriot, Black Pepper Heart Notes: Cashmere, Rose, Jasmine, Patchouli Base Notes: Cedarwood, Vanilla, Sandalwood, Musk\" \/>\n<meta name=\"robots\" content=\"index, follow, max-snippet:-1, max-image-preview:large, max-video-preview:-1\" \/>\n<link rel=\"canonical\" href=\"https:\/\/www.dendesign.com.tr\/en\/product\/copper-candle\/\" \/>\n<meta property=\"og:locale\" content=\"en_US\" \/>\n<meta property=\"og:type\" content=\"article\" \/>\n<meta property=\"og:title\" content=\"Copper Candle | Den Design\" \/>\n<meta property=\"og:description\" content=\"The history of Den Design mounts to a few generations back. We want to share our story with this candle, handmade in Gaziantep Copper Bazaar where Bak\u0131rc\u0131 surname found meaning.  The grandfather of Deniz Bak\u0131rc\u0131, \u0130brahim Halil Bak\u0131rc\u0131 (&quot;Bak\u0131rc\u0131&quot; meaning &quot;copper worker&quot;) used to make his living by copper working in the business he founded and named &quot;\u00d6zenir Coper Works&quot;. While this skill and the passion have been transferred onwords over generations, we continue to enrich spaces with modern-day design approach and touch. Top Notes: Cardamom, Saffron, Cypriot, Black Pepper Heart Notes: Cashmere, Rose, Jasmine, Patchouli Base Notes: Cedarwood, Vanilla, Sandalwood, Musk\" \/>\n<meta property=\"og:url\" content=\"https:\/\/www.dendesign.com.tr\/en\/product\/copper-candle\/\" \/>\n<meta property=\"og:site_name\" content=\"Den Design\" \/>\n<meta property=\"article:publisher\" content=\"https:\/\/www.facebook.com\/dendesign.tr\" \/>\n<meta property=\"article:modified_time\" content=\"2022-12-12T14:15:40+00:00\" \/>\n<meta property=\"og:image\" content=\"https:\/\/www.dendesign.com.tr\/wp-content\/uploads\/2022\/12\/3.png\" \/>\n\t<meta property=\"og:image:width\" content=\"1080\" \/>\n\t<meta property=\"og:image:height\" content=\"1920\" \/>\n\t<meta property=\"og:image:type\" content=\"image\/png\" \/>\n<meta name=\"twitter:card\" content=\"summary_large_image\" \/>\n<meta name=\"twitter:label1\" content=\"Price\" \/>\n\t<meta name=\"twitter:data1\" content=\"590,00&#8378;\" \/>\n\t<meta name=\"twitter:label2\" content=\"Availability\" \/>\n\t<meta name=\"twitter:data2\" content=\"In stock\" \/>\n<script type=\"application\/ld+json\" class=\"yoast-schema-graph\">{\"@context\":\"https:\/\/schema.org\",\"@graph\":[{\"@type\":\"WebPage\",\"@id\":\"https:\/\/www.dendesign.com.tr\/en\/product\/copper-candle\/\",\"url\":\"https:\/\/www.dendesign.com.tr\/en\/product\/copper-candle\/\",\"name\":\"Copper Candle | Den Design\",\"isPartOf\":{\"@id\":\"https:\/\/www.dendesign.com.tr\/#website\"},\"primaryImageOfPage\":{\"@id\":\"https:\/\/www.dendesign.com.tr\/en\/product\/copper-candle\/#primaryimage\"},\"image\":{\"@id\":\"https:\/\/www.dendesign.com.tr\/en\/product\/copper-candle\/#primaryimage\"},\"thumbnailUrl\":\"https:\/\/www.dendesign.com.tr\/wp-content\/uploads\/2022\/12\/3.png\",\"datePublished\":\"2022-12-12T13:37:22+00:00\",\"dateModified\":\"2022-12-12T14:15:40+00:00\",\"description\":\"The history of Den Design mounts to a few generations back. We want to share our story with this candle, handmade in Gaziantep Copper Bazaar where Bak\u0131rc\u0131 surname found meaning. The grandfather of Deniz Bak\u0131rc\u0131, \u0130brahim Halil Bak\u0131rc\u0131 (\\\"Bak\u0131rc\u0131\\\" meaning \\\"copper worker\\\") used to make his living by copper working in the business he founded and named \\\"\u00d6zenir Coper Works\\\". While this skill and the passion have been transferred onwords over generations, we continue to enrich spaces with modern-day design approach and touch. Top Notes: Cardamom, Saffron, Cypriot, Black Pepper Heart Notes: Cashmere, Rose, Jasmine, Patchouli Base Notes: Cedarwood, Vanilla, Sandalwood, Musk\",\"breadcrumb\":{\"@id\":\"https:\/\/www.dendesign.com.tr\/en\/product\/copper-candle\/#breadcrumb\"},\"inLanguage\":\"en-US\",\"potentialAction\":[{\"@type\":\"ReadAction\",\"target\":[\"https:\/\/www.dendesign.com.tr\/en\/product\/copper-candle\/\"]}]},{\"@type\":\"ImageObject\",\"inLanguage\":\"en-US\",\"@id\":\"https:\/\/www.dendesign.com.tr\/en\/product\/copper-candle\/#primaryimage\",\"url\":\"https:\/\/www.dendesign.com.tr\/wp-content\/uploads\/2022\/12\/3.png\",\"contentUrl\":\"https:\/\/www.dendesign.com.tr\/wp-content\/uploads\/2022\/12\/3.png\",\"width\":1080,\"height\":1920},{\"@type\":\"BreadcrumbList\",\"@id\":\"https:\/\/www.dendesign.com.tr\/en\/product\/copper-candle\/#breadcrumb\",\"itemListElement\":[{\"@type\":\"ListItem\",\"position\":1,\"name\":\"Anasayfa\",\"item\":\"https:\/\/www.dendesign.com.tr\/\"},{\"@type\":\"ListItem\",\"position\":2,\"name\":\"Shop\",\"item\":\"https:\/\/www.dendesign.com.tr\/en\/shop\/\"},{\"@type\":\"ListItem\",\"position\":3,\"name\":\"Copper Candle\"}]},{\"@type\":\"WebSite\",\"@id\":\"https:\/\/www.dendesign.com.tr\/#website\",\"url\":\"https:\/\/www.dendesign.com.tr\/\",\"name\":\"Den Design\",\"description\":\"Nesilden nesile zamans\u0131z tasar\u0131m\",\"publisher\":{\"@id\":\"https:\/\/www.dendesign.com.tr\/#organization\"},\"potentialAction\":[{\"@type\":\"SearchAction\",\"target\":{\"@type\":\"EntryPoint\",\"urlTemplate\":\"https:\/\/www.dendesign.com.tr\/?s={search_term_string}\"},\"query-input\":\"required name=search_term_string\"}],\"inLanguage\":\"en-US\"},{\"@type\":\"Organization\",\"@id\":\"https:\/\/www.dendesign.com.tr\/#organization\",\"name\":\"Den Design\",\"url\":\"https:\/\/www.dendesign.com.tr\/\",\"logo\":{\"@type\":\"ImageObject\",\"inLanguage\":\"en-US\",\"@id\":\"https:\/\/www.dendesign.com.tr\/#\/schema\/logo\/image\/\",\"url\":\"https:\/\/www.dendesign.com.tr\/wp-content\/uploads\/2021\/04\/denkare.jpg\",\"contentUrl\":\"https:\/\/www.dendesign.com.tr\/wp-content\/uploads\/2021\/04\/denkare.jpg\",\"width\":1000,\"height\":1000,\"caption\":\"Den Design\"},\"image\":{\"@id\":\"https:\/\/www.dendesign.com.tr\/#\/schema\/logo\/image\/\"},\"sameAs\":[\"https:\/\/www.facebook.com\/dendesign.tr\",\"https:\/\/www.instagram.com\/dendesign.tr\/?hl=tr\"]}]}<\/script>\n<meta property=\"product:price:amount\" content=\"590.00\" \/>\n<meta property=\"product:price:currency\" content=\"TRY\" \/>\n<meta property=\"og:availability\" content=\"instock\" \/>\n<meta property=\"product:availability\" content=\"instock\" \/>\n<meta property=\"product:condition\" content=\"new\" \/>\n<!-- \/ Yoast SEO plugin. -->","yoast_head_json":{"title":"Copper Candle | Den Design","description":"The history of Den Design mounts to a few generations back. We want to share our story with this candle, handmade in Gaziantep Copper Bazaar where Bak\u0131rc\u0131 surname found meaning.  The grandfather of Deniz Bak\u0131rc\u0131, \u0130brahim Halil Bak\u0131rc\u0131 (\"Bak\u0131rc\u0131\" meaning \"copper worker\") used to make his living by copper working in the business he founded and named \"\u00d6zenir Coper Works\". While this skill and the passion have been transferred onwords over generations, we continue to enrich spaces with modern-day design approach and touch. Top Notes: Cardamom, Saffron, Cypriot, Black Pepper Heart Notes: Cashmere, Rose, Jasmine, Patchouli Base Notes: Cedarwood, Vanilla, Sandalwood, Musk","robots":{"index":"index","follow":"follow","max-snippet":"max-snippet:-1","max-image-preview":"max-image-preview:large","max-video-preview":"max-video-preview:-1"},"canonical":"https:\/\/www.dendesign.com.tr\/en\/product\/copper-candle\/","og_locale":"en_US","og_type":"article","og_title":"Copper Candle | Den Design","og_description":"The history of Den Design mounts to a few generations back. We want to share our story with this candle, handmade in Gaziantep Copper Bazaar where Bak\u0131rc\u0131 surname found meaning.  The grandfather of Deniz Bak\u0131rc\u0131, \u0130brahim Halil Bak\u0131rc\u0131 (\"Bak\u0131rc\u0131\" meaning \"copper worker\") used to make his living by copper working in the business he founded and named \"\u00d6zenir Coper Works\". While this skill and the passion have been transferred onwords over generations, we continue to enrich spaces with modern-day design approach and touch. Top Notes: Cardamom, Saffron, Cypriot, Black Pepper Heart Notes: Cashmere, Rose, Jasmine, Patchouli Base Notes: Cedarwood, Vanilla, Sandalwood, Musk","og_url":"https:\/\/www.dendesign.com.tr\/en\/product\/copper-candle\/","og_site_name":"Den Design","article_publisher":"https:\/\/www.facebook.com\/dendesign.tr","article_modified_time":"2022-12-12T14:15:40+00:00","og_image":[{"width":1080,"height":1920,"url":"https:\/\/www.dendesign.com.tr\/wp-content\/uploads\/2022\/12\/3.png","type":"image\/png"}],"twitter_card":"summary_large_image","twitter_misc":{"Price":"590,00&#8378;","Availability":"In stock"},"schema":{"@context":"https:\/\/schema.org","@graph":[{"@type":"WebPage","@id":"https:\/\/www.dendesign.com.tr\/en\/product\/copper-candle\/","url":"https:\/\/www.dendesign.com.tr\/en\/product\/copper-candle\/","name":"Copper Candle | Den Design","isPartOf":{"@id":"https:\/\/www.dendesign.com.tr\/#website"},"primaryImageOfPage":{"@id":"https:\/\/www.dendesign.com.tr\/en\/product\/copper-candle\/#primaryimage"},"image":{"@id":"https:\/\/www.dendesign.com.tr\/en\/product\/copper-candle\/#primaryimage"},"thumbnailUrl":"https:\/\/www.dendesign.com.tr\/wp-content\/uploads\/2022\/12\/3.png","datePublished":"2022-12-12T13:37:22+00:00","dateModified":"2022-12-12T14:15:40+00:00","description":"The history of Den Design mounts to a few generations back. We want to share our story with this candle, handmade in Gaziantep Copper Bazaar where Bak\u0131rc\u0131 surname found meaning. The grandfather of Deniz Bak\u0131rc\u0131, \u0130brahim Halil Bak\u0131rc\u0131 (\"Bak\u0131rc\u0131\" meaning \"copper worker\") used to make his living by copper working in the business he founded and named \"\u00d6zenir Coper Works\". While this skill and the passion have been transferred onwords over generations, we continue to enrich spaces with modern-day design approach and touch. Top Notes: Cardamom, Saffron, Cypriot, Black Pepper Heart Notes: Cashmere, Rose, Jasmine, Patchouli Base Notes: Cedarwood, Vanilla, Sandalwood, Musk","breadcrumb":{"@id":"https:\/\/www.dendesign.com.tr\/en\/product\/copper-candle\/#breadcrumb"},"inLanguage":"en-US","potentialAction":[{"@type":"ReadAction","target":["https:\/\/www.dendesign.com.tr\/en\/product\/copper-candle\/"]}]},{"@type":"ImageObject","inLanguage":"en-US","@id":"https:\/\/www.dendesign.com.tr\/en\/product\/copper-candle\/#primaryimage","url":"https:\/\/www.dendesign.com.tr\/wp-content\/uploads\/2022\/12\/3.png","contentUrl":"https:\/\/www.dendesign.com.tr\/wp-content\/uploads\/2022\/12\/3.png","width":1080,"height":1920},{"@type":"BreadcrumbList","@id":"https:\/\/www.dendesign.com.tr\/en\/product\/copper-candle\/#breadcrumb","itemListElement":[{"@type":"ListItem","position":1,"name":"Anasayfa","item":"https:\/\/www.dendesign.com.tr\/"},{"@type":"ListItem","position":2,"name":"Shop","item":"https:\/\/www.dendesign.com.tr\/en\/shop\/"},{"@type":"ListItem","position":3,"name":"Copper Candle"}]},{"@type":"WebSite","@id":"https:\/\/www.dendesign.com.tr\/#website","url":"https:\/\/www.dendesign.com.tr\/","name":"Den Design","description":"Nesilden nesile zamans\u0131z tasar\u0131m","publisher":{"@id":"https:\/\/www.dendesign.com.tr\/#organization"},"potentialAction":[{"@type":"SearchAction","target":{"@type":"EntryPoint","urlTemplate":"https:\/\/www.dendesign.com.tr\/?s={search_term_string}"},"query-input":"required name=search_term_string"}],"inLanguage":"en-US"},{"@type":"Organization","@id":"https:\/\/www.dendesign.com.tr\/#organization","name":"Den Design","url":"https:\/\/www.dendesign.com.tr\/","logo":{"@type":"ImageObject","inLanguage":"en-US","@id":"https:\/\/www.dendesign.com.tr\/#\/schema\/logo\/image\/","url":"https:\/\/www.dendesign.com.tr\/wp-content\/uploads\/2021\/04\/denkare.jpg","contentUrl":"https:\/\/www.dendesign.com.tr\/wp-content\/uploads\/2021\/04\/denkare.jpg","width":1000,"height":1000,"caption":"Den Design"},"image":{"@id":"https:\/\/www.dendesign.com.tr\/#\/schema\/logo\/image\/"},"sameAs":["https:\/\/www.facebook.com\/dendesign.tr","https:\/\/www.instagram.com\/dendesign.tr\/?hl=tr"]}]},"product_price_amount":"590.00","product_price_currency":"TRY","og_availability":"instock","product_availability":"instock","product_condition":"new"},"_links":{"self":[{"href":"https:\/\/www.dendesign.com.tr\/en\/wp-json\/wp\/v2\/product\/14414","targetHints":{"allow":["GET"]}}],"collection":[{"href":"https:\/\/www.dendesign.com.tr\/en\/wp-json\/wp\/v2\/product"}],"about":[{"href":"https:\/\/www.dendesign.com.tr\/en\/wp-json\/wp\/v2\/types\/product"}],"replies":[{"embeddable":true,"href":"https:\/\/www.dendesign.com.tr\/en\/wp-json\/wp\/v2\/comments?post=14414"}],"version-history":[{"count":1,"href":"https:\/\/www.dendesign.com.tr\/en\/wp-json\/wp\/v2\/product\/14414\/revisions"}],"predecessor-version":[{"id":14415,"href":"https:\/\/www.dendesign.com.tr\/en\/wp-json\/wp\/v2\/product\/14414\/revisions\/14415"}],"wp:featuredmedia":[{"embeddable":true,"href":"https:\/\/www.dendesign.com.tr\/en\/wp-json\/wp\/v2\/media\/14401"}],"wp:attachment":[{"href":"https:\/\/www.dendesign.com.tr\/en\/wp-json\/wp\/v2\/media?parent=14414"}],"wp:term":[{"taxonomy":"product_cat","embeddable":true,"href":"https:\/\/www.dendesign.com.tr\/en\/wp-json\/wp\/v2\/product_cat?post=14414"},{"taxonomy":"product_tag","embeddable":true,"href":"https:\/\/www.dendesign.com.tr\/en\/wp-json\/wp\/v2\/product_tag?post=14414"}],"curies":[{"name":"wp","href":"https:\/\/api.w.org\/{rel}","templated":true}]}}