{"id":13850,"date":"2022-07-22T13:50:49","date_gmt":"2022-07-22T10:50:49","guid":{"rendered":"https:\/\/www.dendesign.com.tr\/?post_type=product&#038;p=13850"},"modified":"2024-10-17T12:33:05","modified_gmt":"2024-10-17T09:33:05","slug":"kontra-orta-sehpa","status":"publish","type":"product","link":"https:\/\/www.dendesign.com.tr\/en\/urun\/kontra-orta-sehpa\/","title":{"rendered":"KONTRA Orta Sehpa"},"content":{"rendered":"<div>\n<p><strong>AH\u015eAP Y\u00dcZEYLER<\/strong><\/p>\n<p>\u2022Ah\u015fap \u00fcr\u00fcnlerimizde masif me\u015fe ve do\u011fal papel kaplama kullan\u0131lmaktad\u0131r.<\/p>\n<p>\u2022\u00dcr\u00fcnlerde kullan\u0131lan ah\u015fap malzemeler do\u011fal olmas\u0131 sebebiyle ton ve doku farkl\u0131l\u0131klar\u0131 olabilmektedir.<\/p>\n<p>\u2022Ah\u015fap \u00fcr\u00fcnlerin do\u011frudan s\u0131cak ve \u0131slak ile temas\u0131ndan ka\u00e7\u0131n\u0131n\u0131z. Cilal\u0131 \u00fcr\u00fcnlerde renk deformasyonlar\u0131na sebep olabilir.<\/p>\n<\/div>\n<p>\u2022Ah\u015fap y\u00fczeye d\u00f6k\u00fclen her t\u00fcrl\u00fc yiyecek ve i\u00e7ecekleri bekletmeden hemen temizli\u011fini yap\u0131n\u0131z. Hafif nemli yumu\u015fak bir bezle y\u00fczeyi temizleyip ard\u0131ndan kuru bir bezle kurulay\u0131n\u0131z.<\/p>\n<div>\n<p>\u2022Ah\u015fap y\u00fczeylerin temizli\u011finden kimyasal malzemeler kullanmay\u0131n\u0131z.<\/p>\n<p>\u2022Ah\u015fap masa ve sehpalar\u0131n \u00fczerine \u00e7\u0131kmay\u0131n\u0131z.<\/p>\n<p>\u2022Ah\u015fap y\u00fczeylerin \u00fczerinde do\u011frudan b\u0131\u00e7ak ile yiyecek kesmeyiniz.<\/p>\n<p>\u2022Ah\u015fap masa ve sehpalar\u0131n yerini de\u011fi\u015ftirirken itmeyiniz. Ba\u011flant\u0131 yerlerinde \u00e7atlama veya a\u00e7\u0131lmalara sebep olacakt\u0131r. En az 2 ki\u015finin yard\u0131m\u0131 ile dengeli bir \u015fekilde kald\u0131rarak yerini de\u011fi\u015ftiriniz.<\/p>\n<p>\u2022Ah\u015fap \u00fcr\u00fcnlerimiz i\u00e7 mek\u00e2n kullan\u0131m\u0131na uygun olarak \u00fcretilmi\u015ftir. Direkt g\u00fcne\u015fe ve neme maruz kalmamas\u0131 gerekir, y\u00fczeyinde \u00e7atlama ve deformasyon olu\u015fabilir.<\/p>\n<\/div>\n","protected":false},"excerpt":{"rendered":"<p>KONTRA Orta Sehpa, dairesel formuyla kullan\u0131c\u0131s\u0131na rahat bir ge\u00e7i\u015f alan\u0131 sunar. Kontra sehpalar ile kullan\u0131larak farkl\u0131 y\u00fckseklikler yarat\u0131labilir. Masif me\u015fe kullan\u0131larak el i\u015f\u00e7ili\u011fiyle \u00fcretilmi\u015ftir. Me\u015fenin dokusu korunarak sadece do\u011fal ah\u015fap ya\u011f\u0131 ile renklendirilmi\u015ftir.<\/p>\n<p><strong>Do\u011fal Malzeme:<\/strong>\u00a0Foto\u011fraf\u0131n \u00e7ekildi\u011fi zaman kullan\u0131lan a\u011fa\u00e7 ile sipari\u015f zaman\u0131nda kullan\u0131lan a\u011fa\u00e7 aras\u0131nda ton, doku ve hare farkl\u0131l\u0131klar\u0131 olabilir.<\/p>\n<p>Stokta olmasa da sipari\u015f verilebilir. \u00dcretim s\u00fcresi 5-6 haftad\u0131r.<\/p>\n<p>\u0130stanbul d\u0131\u015f\u0131 sipari\u015fler i\u00e7in ileti\u015fime ge\u00e7iniz.\u00a0 <strong>Telefon:<\/strong>\u00a00212 221 32 07<\/p>\n","protected":false},"featured_media":13853,"comment_status":"open","ping_status":"closed","template":"","meta":[],"product_cat":[253,65,242,109],"product_tag":[],"class_list":{"0":"post-13850","1":"product","2":"type-product","3":"status-publish","4":"has-post-thumbnail","6":"product_cat-stoklu-urunler","7":"product_cat-masalar-sehpalar","8":"product_cat-sehpalar","9":"product_cat-terrazzo-urunler","10":"product_shipping_class-buyuk-urun","12":"first","13":"instock","14":"taxable","15":"shipping-taxable","16":"purchasable","17":"product-type-simple"},"yoast_head":"<!-- This site is optimized with the Yoast SEO plugin v23.1 - https:\/\/yoast.com\/wordpress\/plugins\/seo\/ -->\n<title>KONTRA Orta Sehpa | Den Design<\/title>\n<meta name=\"description\" content=\"KONTRA Orta Sehpa, dairesel formuyla kullan\u0131c\u0131s\u0131na rahat bir ge\u00e7i\u015f alan\u0131 sunar. Kontra sehpalar ile kullan\u0131larak farkl\u0131 y\u00fckseklikler yarat\u0131labilir. Masif me\u015fe kullan\u0131larak el i\u015f\u00e7ili\u011fiyle \u00fcretilmi\u015ftir. Me\u015fenin dokusu korunarak sadece do\u011fal ah\u015fap ya\u011f\u0131 ile renklendirilmi\u015ftir.  Do\u011fal Malzeme:\u00a0Foto\u011fraf\u0131n \u00e7ekildi\u011fi zaman kullan\u0131lan a\u011fa\u00e7 ile sipari\u015f zaman\u0131nda kullan\u0131lan a\u011fa\u00e7 aras\u0131nda ton, doku ve hare farkl\u0131l\u0131klar\u0131 olabilir.  Stokta olmasa da sipari\u015f verilebilir. \u00dcretim s\u00fcresi 5-6 haftad\u0131r.  \u0130stanbul d\u0131\u015f\u0131 sipari\u015fler i\u00e7in ileti\u015fime ge\u00e7iniz.\u00a0 Telefon:\u00a00212 221 32 07\" \/>\n<meta name=\"robots\" content=\"index, follow, max-snippet:-1, max-image-preview:large, max-video-preview:-1\" \/>\n<link rel=\"canonical\" href=\"https:\/\/www.dendesign.com.tr\/urun\/kontra-orta-sehpa\/\" \/>\n<meta property=\"og:locale\" content=\"en_US\" \/>\n<meta property=\"og:type\" content=\"article\" \/>\n<meta property=\"og:title\" content=\"KONTRA Orta Sehpa | Den Design\" \/>\n<meta property=\"og:description\" content=\"KONTRA Orta Sehpa, dairesel formuyla kullan\u0131c\u0131s\u0131na rahat bir ge\u00e7i\u015f alan\u0131 sunar. Kontra sehpalar ile kullan\u0131larak farkl\u0131 y\u00fckseklikler yarat\u0131labilir. Masif me\u015fe kullan\u0131larak el i\u015f\u00e7ili\u011fiyle \u00fcretilmi\u015ftir. Me\u015fenin dokusu korunarak sadece do\u011fal ah\u015fap ya\u011f\u0131 ile renklendirilmi\u015ftir.  Do\u011fal Malzeme:\u00a0Foto\u011fraf\u0131n \u00e7ekildi\u011fi zaman kullan\u0131lan a\u011fa\u00e7 ile sipari\u015f zaman\u0131nda kullan\u0131lan a\u011fa\u00e7 aras\u0131nda ton, doku ve hare farkl\u0131l\u0131klar\u0131 olabilir.  Stokta olmasa da sipari\u015f verilebilir. \u00dcretim s\u00fcresi 5-6 haftad\u0131r.  \u0130stanbul d\u0131\u015f\u0131 sipari\u015fler i\u00e7in ileti\u015fime ge\u00e7iniz.\u00a0 Telefon:\u00a00212 221 32 07\" \/>\n<meta property=\"og:url\" content=\"https:\/\/www.dendesign.com.tr\/urun\/kontra-orta-sehpa\/\" \/>\n<meta property=\"og:site_name\" content=\"Den Design\" \/>\n<meta property=\"article:publisher\" content=\"https:\/\/www.facebook.com\/dendesign.tr\" \/>\n<meta property=\"article:modified_time\" content=\"2024-10-17T09:33:05+00:00\" \/>\n<meta property=\"og:image\" content=\"https:\/\/www.dendesign.com.tr\/wp-content\/uploads\/2022\/07\/KONTRA-ORTA-SEHPA-1.png\" \/>\n\t<meta property=\"og:image:width\" content=\"1417\" \/>\n\t<meta property=\"og:image:height\" content=\"1417\" \/>\n\t<meta property=\"og:image:type\" content=\"image\/png\" \/>\n<meta name=\"twitter:card\" content=\"summary_large_image\" \/>\n<meta name=\"twitter:label1\" content=\"Price\" \/>\n\t<meta name=\"twitter:data1\" content=\"28.210,00&#8378;\" \/>\n\t<meta name=\"twitter:label2\" content=\"Availability\" \/>\n\t<meta name=\"twitter:data2\" content=\"In stock\" \/>\n<script type=\"application\/ld+json\" class=\"yoast-schema-graph\">{\"@context\":\"https:\/\/schema.org\",\"@graph\":[{\"@type\":\"WebPage\",\"@id\":\"https:\/\/www.dendesign.com.tr\/urun\/kontra-orta-sehpa\/\",\"url\":\"https:\/\/www.dendesign.com.tr\/urun\/kontra-orta-sehpa\/\",\"name\":\"KONTRA Orta Sehpa | Den Design\",\"isPartOf\":{\"@id\":\"https:\/\/www.dendesign.com.tr\/#website\"},\"primaryImageOfPage\":{\"@id\":\"https:\/\/www.dendesign.com.tr\/urun\/kontra-orta-sehpa\/#primaryimage\"},\"image\":{\"@id\":\"https:\/\/www.dendesign.com.tr\/urun\/kontra-orta-sehpa\/#primaryimage\"},\"thumbnailUrl\":\"https:\/\/www.dendesign.com.tr\/wp-content\/uploads\/2022\/07\/KONTRA-ORTA-SEHPA-1.png\",\"datePublished\":\"2022-07-22T10:50:49+00:00\",\"dateModified\":\"2024-10-17T09:33:05+00:00\",\"description\":\"KONTRA Orta Sehpa, dairesel formuyla kullan\u0131c\u0131s\u0131na rahat bir ge\u00e7i\u015f alan\u0131 sunar. Kontra sehpalar ile kullan\u0131larak farkl\u0131 y\u00fckseklikler yarat\u0131labilir. Masif me\u015fe kullan\u0131larak el i\u015f\u00e7ili\u011fiyle \u00fcretilmi\u015ftir. Me\u015fenin dokusu korunarak sadece do\u011fal ah\u015fap ya\u011f\u0131 ile renklendirilmi\u015ftir. Do\u011fal Malzeme:\u00a0Foto\u011fraf\u0131n \u00e7ekildi\u011fi zaman kullan\u0131lan a\u011fa\u00e7 ile sipari\u015f zaman\u0131nda kullan\u0131lan a\u011fa\u00e7 aras\u0131nda ton, doku ve hare farkl\u0131l\u0131klar\u0131 olabilir. Stokta olmasa da sipari\u015f verilebilir. \u00dcretim s\u00fcresi 5-6 haftad\u0131r. \u0130stanbul d\u0131\u015f\u0131 sipari\u015fler i\u00e7in ileti\u015fime ge\u00e7iniz.\u00a0 Telefon:\u00a00212 221 32 07\",\"breadcrumb\":{\"@id\":\"https:\/\/www.dendesign.com.tr\/urun\/kontra-orta-sehpa\/#breadcrumb\"},\"inLanguage\":\"en-US\",\"potentialAction\":[{\"@type\":\"ReadAction\",\"target\":[\"https:\/\/www.dendesign.com.tr\/urun\/kontra-orta-sehpa\/\"]}]},{\"@type\":\"ImageObject\",\"inLanguage\":\"en-US\",\"@id\":\"https:\/\/www.dendesign.com.tr\/urun\/kontra-orta-sehpa\/#primaryimage\",\"url\":\"https:\/\/www.dendesign.com.tr\/wp-content\/uploads\/2022\/07\/KONTRA-ORTA-SEHPA-1.png\",\"contentUrl\":\"https:\/\/www.dendesign.com.tr\/wp-content\/uploads\/2022\/07\/KONTRA-ORTA-SEHPA-1.png\",\"width\":1417,\"height\":1417},{\"@type\":\"BreadcrumbList\",\"@id\":\"https:\/\/www.dendesign.com.tr\/urun\/kontra-orta-sehpa\/#breadcrumb\",\"itemListElement\":[{\"@type\":\"ListItem\",\"position\":1,\"name\":\"Anasayfa\",\"item\":\"https:\/\/www.dendesign.com.tr\/\"},{\"@type\":\"ListItem\",\"position\":2,\"name\":\"Shop\",\"item\":\"https:\/\/www.dendesign.com.tr\/en\/shop\/\"},{\"@type\":\"ListItem\",\"position\":3,\"name\":\"KONTRA Orta Sehpa\"}]},{\"@type\":\"WebSite\",\"@id\":\"https:\/\/www.dendesign.com.tr\/#website\",\"url\":\"https:\/\/www.dendesign.com.tr\/\",\"name\":\"Den Design\",\"description\":\"Nesilden nesile zamans\u0131z tasar\u0131m\",\"publisher\":{\"@id\":\"https:\/\/www.dendesign.com.tr\/#organization\"},\"potentialAction\":[{\"@type\":\"SearchAction\",\"target\":{\"@type\":\"EntryPoint\",\"urlTemplate\":\"https:\/\/www.dendesign.com.tr\/?s={search_term_string}\"},\"query-input\":\"required name=search_term_string\"}],\"inLanguage\":\"en-US\"},{\"@type\":\"Organization\",\"@id\":\"https:\/\/www.dendesign.com.tr\/#organization\",\"name\":\"Den Design\",\"url\":\"https:\/\/www.dendesign.com.tr\/\",\"logo\":{\"@type\":\"ImageObject\",\"inLanguage\":\"en-US\",\"@id\":\"https:\/\/www.dendesign.com.tr\/#\/schema\/logo\/image\/\",\"url\":\"https:\/\/www.dendesign.com.tr\/wp-content\/uploads\/2021\/04\/denkare.jpg\",\"contentUrl\":\"https:\/\/www.dendesign.com.tr\/wp-content\/uploads\/2021\/04\/denkare.jpg\",\"width\":1000,\"height\":1000,\"caption\":\"Den Design\"},\"image\":{\"@id\":\"https:\/\/www.dendesign.com.tr\/#\/schema\/logo\/image\/\"},\"sameAs\":[\"https:\/\/www.facebook.com\/dendesign.tr\",\"https:\/\/www.instagram.com\/dendesign.tr\/?hl=tr\"]}]}<\/script>\n<meta property=\"product:price:amount\" content=\"28210.00\" \/>\n<meta property=\"product:price:currency\" content=\"TRY\" \/>\n<meta property=\"og:availability\" content=\"instock\" \/>\n<meta property=\"product:availability\" content=\"instock\" \/>\n<meta property=\"product:retailer_item_id\" content=\"1440\" \/>\n<meta property=\"product:condition\" content=\"new\" \/>\n<!-- \/ Yoast SEO plugin. -->","yoast_head_json":{"title":"KONTRA Orta Sehpa | Den Design","description":"KONTRA Orta Sehpa, dairesel formuyla kullan\u0131c\u0131s\u0131na rahat bir ge\u00e7i\u015f alan\u0131 sunar. Kontra sehpalar ile kullan\u0131larak farkl\u0131 y\u00fckseklikler yarat\u0131labilir. Masif me\u015fe kullan\u0131larak el i\u015f\u00e7ili\u011fiyle \u00fcretilmi\u015ftir. Me\u015fenin dokusu korunarak sadece do\u011fal ah\u015fap ya\u011f\u0131 ile renklendirilmi\u015ftir.  Do\u011fal Malzeme:\u00a0Foto\u011fraf\u0131n \u00e7ekildi\u011fi zaman kullan\u0131lan a\u011fa\u00e7 ile sipari\u015f zaman\u0131nda kullan\u0131lan a\u011fa\u00e7 aras\u0131nda ton, doku ve hare farkl\u0131l\u0131klar\u0131 olabilir.  Stokta olmasa da sipari\u015f verilebilir. \u00dcretim s\u00fcresi 5-6 haftad\u0131r.  \u0130stanbul d\u0131\u015f\u0131 sipari\u015fler i\u00e7in ileti\u015fime ge\u00e7iniz.\u00a0 Telefon:\u00a00212 221 32 07","robots":{"index":"index","follow":"follow","max-snippet":"max-snippet:-1","max-image-preview":"max-image-preview:large","max-video-preview":"max-video-preview:-1"},"canonical":"https:\/\/www.dendesign.com.tr\/urun\/kontra-orta-sehpa\/","og_locale":"en_US","og_type":"article","og_title":"KONTRA Orta Sehpa | Den Design","og_description":"KONTRA Orta Sehpa, dairesel formuyla kullan\u0131c\u0131s\u0131na rahat bir ge\u00e7i\u015f alan\u0131 sunar. Kontra sehpalar ile kullan\u0131larak farkl\u0131 y\u00fckseklikler yarat\u0131labilir. Masif me\u015fe kullan\u0131larak el i\u015f\u00e7ili\u011fiyle \u00fcretilmi\u015ftir. Me\u015fenin dokusu korunarak sadece do\u011fal ah\u015fap ya\u011f\u0131 ile renklendirilmi\u015ftir.  Do\u011fal Malzeme:\u00a0Foto\u011fraf\u0131n \u00e7ekildi\u011fi zaman kullan\u0131lan a\u011fa\u00e7 ile sipari\u015f zaman\u0131nda kullan\u0131lan a\u011fa\u00e7 aras\u0131nda ton, doku ve hare farkl\u0131l\u0131klar\u0131 olabilir.  Stokta olmasa da sipari\u015f verilebilir. \u00dcretim s\u00fcresi 5-6 haftad\u0131r.  \u0130stanbul d\u0131\u015f\u0131 sipari\u015fler i\u00e7in ileti\u015fime ge\u00e7iniz.\u00a0 Telefon:\u00a00212 221 32 07","og_url":"https:\/\/www.dendesign.com.tr\/urun\/kontra-orta-sehpa\/","og_site_name":"Den Design","article_publisher":"https:\/\/www.facebook.com\/dendesign.tr","article_modified_time":"2024-10-17T09:33:05+00:00","og_image":[{"width":1417,"height":1417,"url":"https:\/\/www.dendesign.com.tr\/wp-content\/uploads\/2022\/07\/KONTRA-ORTA-SEHPA-1.png","type":"image\/png"}],"twitter_card":"summary_large_image","twitter_misc":{"Price":"28.210,00&#8378;","Availability":"In stock"},"schema":{"@context":"https:\/\/schema.org","@graph":[{"@type":"WebPage","@id":"https:\/\/www.dendesign.com.tr\/urun\/kontra-orta-sehpa\/","url":"https:\/\/www.dendesign.com.tr\/urun\/kontra-orta-sehpa\/","name":"KONTRA Orta Sehpa | Den Design","isPartOf":{"@id":"https:\/\/www.dendesign.com.tr\/#website"},"primaryImageOfPage":{"@id":"https:\/\/www.dendesign.com.tr\/urun\/kontra-orta-sehpa\/#primaryimage"},"image":{"@id":"https:\/\/www.dendesign.com.tr\/urun\/kontra-orta-sehpa\/#primaryimage"},"thumbnailUrl":"https:\/\/www.dendesign.com.tr\/wp-content\/uploads\/2022\/07\/KONTRA-ORTA-SEHPA-1.png","datePublished":"2022-07-22T10:50:49+00:00","dateModified":"2024-10-17T09:33:05+00:00","description":"KONTRA Orta Sehpa, dairesel formuyla kullan\u0131c\u0131s\u0131na rahat bir ge\u00e7i\u015f alan\u0131 sunar. Kontra sehpalar ile kullan\u0131larak farkl\u0131 y\u00fckseklikler yarat\u0131labilir. Masif me\u015fe kullan\u0131larak el i\u015f\u00e7ili\u011fiyle \u00fcretilmi\u015ftir. Me\u015fenin dokusu korunarak sadece do\u011fal ah\u015fap ya\u011f\u0131 ile renklendirilmi\u015ftir. Do\u011fal Malzeme:\u00a0Foto\u011fraf\u0131n \u00e7ekildi\u011fi zaman kullan\u0131lan a\u011fa\u00e7 ile sipari\u015f zaman\u0131nda kullan\u0131lan a\u011fa\u00e7 aras\u0131nda ton, doku ve hare farkl\u0131l\u0131klar\u0131 olabilir. Stokta olmasa da sipari\u015f verilebilir. \u00dcretim s\u00fcresi 5-6 haftad\u0131r. \u0130stanbul d\u0131\u015f\u0131 sipari\u015fler i\u00e7in ileti\u015fime ge\u00e7iniz.\u00a0 Telefon:\u00a00212 221 32 07","breadcrumb":{"@id":"https:\/\/www.dendesign.com.tr\/urun\/kontra-orta-sehpa\/#breadcrumb"},"inLanguage":"en-US","potentialAction":[{"@type":"ReadAction","target":["https:\/\/www.dendesign.com.tr\/urun\/kontra-orta-sehpa\/"]}]},{"@type":"ImageObject","inLanguage":"en-US","@id":"https:\/\/www.dendesign.com.tr\/urun\/kontra-orta-sehpa\/#primaryimage","url":"https:\/\/www.dendesign.com.tr\/wp-content\/uploads\/2022\/07\/KONTRA-ORTA-SEHPA-1.png","contentUrl":"https:\/\/www.dendesign.com.tr\/wp-content\/uploads\/2022\/07\/KONTRA-ORTA-SEHPA-1.png","width":1417,"height":1417},{"@type":"BreadcrumbList","@id":"https:\/\/www.dendesign.com.tr\/urun\/kontra-orta-sehpa\/#breadcrumb","itemListElement":[{"@type":"ListItem","position":1,"name":"Anasayfa","item":"https:\/\/www.dendesign.com.tr\/"},{"@type":"ListItem","position":2,"name":"Shop","item":"https:\/\/www.dendesign.com.tr\/en\/shop\/"},{"@type":"ListItem","position":3,"name":"KONTRA Orta Sehpa"}]},{"@type":"WebSite","@id":"https:\/\/www.dendesign.com.tr\/#website","url":"https:\/\/www.dendesign.com.tr\/","name":"Den Design","description":"Nesilden nesile zamans\u0131z tasar\u0131m","publisher":{"@id":"https:\/\/www.dendesign.com.tr\/#organization"},"potentialAction":[{"@type":"SearchAction","target":{"@type":"EntryPoint","urlTemplate":"https:\/\/www.dendesign.com.tr\/?s={search_term_string}"},"query-input":"required name=search_term_string"}],"inLanguage":"en-US"},{"@type":"Organization","@id":"https:\/\/www.dendesign.com.tr\/#organization","name":"Den Design","url":"https:\/\/www.dendesign.com.tr\/","logo":{"@type":"ImageObject","inLanguage":"en-US","@id":"https:\/\/www.dendesign.com.tr\/#\/schema\/logo\/image\/","url":"https:\/\/www.dendesign.com.tr\/wp-content\/uploads\/2021\/04\/denkare.jpg","contentUrl":"https:\/\/www.dendesign.com.tr\/wp-content\/uploads\/2021\/04\/denkare.jpg","width":1000,"height":1000,"caption":"Den Design"},"image":{"@id":"https:\/\/www.dendesign.com.tr\/#\/schema\/logo\/image\/"},"sameAs":["https:\/\/www.facebook.com\/dendesign.tr","https:\/\/www.instagram.com\/dendesign.tr\/?hl=tr"]}]},"product_price_amount":"28210.00","product_price_currency":"TRY","og_availability":"instock","product_availability":"instock","product_retailer_item_id":"1440","product_condition":"new"},"_links":{"self":[{"href":"https:\/\/www.dendesign.com.tr\/en\/wp-json\/wp\/v2\/product\/13850","targetHints":{"allow":["GET"]}}],"collection":[{"href":"https:\/\/www.dendesign.com.tr\/en\/wp-json\/wp\/v2\/product"}],"about":[{"href":"https:\/\/www.dendesign.com.tr\/en\/wp-json\/wp\/v2\/types\/product"}],"replies":[{"embeddable":true,"href":"https:\/\/www.dendesign.com.tr\/en\/wp-json\/wp\/v2\/comments?post=13850"}],"version-history":[{"count":4,"href":"https:\/\/www.dendesign.com.tr\/en\/wp-json\/wp\/v2\/product\/13850\/revisions"}],"predecessor-version":[{"id":15074,"href":"https:\/\/www.dendesign.com.tr\/en\/wp-json\/wp\/v2\/product\/13850\/revisions\/15074"}],"wp:featuredmedia":[{"embeddable":true,"href":"https:\/\/www.dendesign.com.tr\/en\/wp-json\/wp\/v2\/media\/13853"}],"wp:attachment":[{"href":"https:\/\/www.dendesign.com.tr\/en\/wp-json\/wp\/v2\/media?parent=13850"}],"wp:term":[{"taxonomy":"product_cat","embeddable":true,"href":"https:\/\/www.dendesign.com.tr\/en\/wp-json\/wp\/v2\/product_cat?post=13850"},{"taxonomy":"product_tag","embeddable":true,"href":"https:\/\/www.dendesign.com.tr\/en\/wp-json\/wp\/v2\/product_tag?post=13850"}],"curies":[{"name":"wp","href":"https:\/\/api.w.org\/{rel}","templated":true}]}}