{"id":13743,"date":"2022-07-17T18:57:46","date_gmt":"2022-07-17T15:57:46","guid":{"rendered":"https:\/\/www.dendesign.com.tr\/?post_type=product&#038;p=13743"},"modified":"2024-10-17T12:29:54","modified_gmt":"2024-10-17T09:29:54","slug":"grid-puf-s-yesil","status":"publish","type":"product","link":"https:\/\/www.dendesign.com.tr\/en\/urun\/grid-puf-s-yesil\/","title":{"rendered":"GRID Puf S Ye\u015fil"},"content":{"rendered":"<p><strong>D\u00d6\u015eEMEL\u0130 Y\u00dcZEYLER<\/strong><\/p>\n<p>\u2022D\u00f6\u015femeli y\u00fczeylerin temizli\u011finden alkol veya kimyasal malzeme- ler kullanmay\u0131n\u0131z.<\/p>\n<p>\u2022Kanepelerin, koltuklar\u0131n, s\u0131rt yast\u0131klar\u0131n\u0131n ve minderlerin s\u00fcnmesini \u00f6nlemek i\u00e7in aral\u0131klarla el yard\u0131m\u0131yla kabart\u0131n\u0131z.<\/p>\n<p>\u2022Kanepelerin, koltuklar\u0131n s\u0131rt ve kol\u00e7ak k\u0131s\u0131mlar\u0131na oturmaman\u0131z\u0131 tavsiye ederiz. Kuma\u015f ve yast\u0131klarda deformasyonlara neden olabilmektedir.<\/p>\n","protected":false},"excerpt":{"rendered":"<p>GRID Puf, k\u00fcbik tasar\u0131m\u0131 ve detaylar\u0131 sayesinde zamans\u0131z bir modeldir.<\/p>\n<p><strong>D\u00f6\u015feme:<\/strong> Nefes alan pamuklu kuma\u015flar kullan\u0131larak \u00fcretilmektedir. Kuma\u015f alternatifleri i\u00e7in ileti\u015fime ge\u00e7ebilirsiniz.<\/p>\n<p>Stokta olmasa da sipari\u015f verilebilir. Stokta olmayan \u00fcr\u00fcnler i\u00e7i \u00fcretim s\u00fcresi 4 haftad\u0131r.<\/p>\n","protected":false},"featured_media":13746,"comment_status":"open","ping_status":"closed","template":"","meta":[],"product_cat":[253,67],"product_tag":[],"class_list":{"0":"post-13743","1":"product","2":"type-product","3":"status-publish","4":"has-post-thumbnail","6":"product_cat-stoklu-urunler","7":"product_cat-puflar","8":"product_shipping_class-kargolu-kucuk-urun","10":"first","11":"instock","12":"taxable","13":"shipping-taxable","14":"purchasable","15":"product-type-simple"},"yoast_head":"<!-- This site is optimized with the Yoast SEO plugin v23.1 - https:\/\/yoast.com\/wordpress\/plugins\/seo\/ -->\n<title>GRID Puf S Ye\u015fil | Den Design<\/title>\n<meta name=\"description\" content=\"GRID Puf, k\u00fcbik tasar\u0131m\u0131 ve detaylar\u0131 sayesinde zamans\u0131z bir modeldir.  D\u00f6\u015feme: Nefes alan pamuklu kuma\u015flar kullan\u0131larak \u00fcretilmektedir. Kuma\u015f alternatifleri i\u00e7in ileti\u015fime ge\u00e7ebilirsiniz.  Stokta olmasa da sipari\u015f verilebilir. Stokta olmayan \u00fcr\u00fcnler i\u00e7i \u00fcretim s\u00fcresi 4 haftad\u0131r.\" \/>\n<meta name=\"robots\" content=\"index, follow, max-snippet:-1, max-image-preview:large, max-video-preview:-1\" \/>\n<link rel=\"canonical\" href=\"https:\/\/www.dendesign.com.tr\/urun\/grid-puf-s-yesil\/\" \/>\n<meta property=\"og:locale\" content=\"en_US\" \/>\n<meta property=\"og:type\" content=\"article\" \/>\n<meta property=\"og:title\" content=\"GRID Puf S Ye\u015fil | Den Design\" \/>\n<meta property=\"og:description\" content=\"GRID Puf, k\u00fcbik tasar\u0131m\u0131 ve detaylar\u0131 sayesinde zamans\u0131z bir modeldir.  D\u00f6\u015feme: Nefes alan pamuklu kuma\u015flar kullan\u0131larak \u00fcretilmektedir. Kuma\u015f alternatifleri i\u00e7in ileti\u015fime ge\u00e7ebilirsiniz.  Stokta olmasa da sipari\u015f verilebilir. Stokta olmayan \u00fcr\u00fcnler i\u00e7i \u00fcretim s\u00fcresi 4 haftad\u0131r.\" \/>\n<meta property=\"og:url\" content=\"https:\/\/www.dendesign.com.tr\/urun\/grid-puf-s-yesil\/\" \/>\n<meta property=\"og:site_name\" content=\"Den Design\" \/>\n<meta property=\"article:publisher\" content=\"https:\/\/www.facebook.com\/dendesign.tr\" \/>\n<meta property=\"article:modified_time\" content=\"2024-10-17T09:29:54+00:00\" \/>\n<meta property=\"og:image\" content=\"https:\/\/www.dendesign.com.tr\/wp-content\/uploads\/2022\/07\/yes\u0327il-ortali.png\" \/>\n\t<meta property=\"og:image:width\" content=\"1080\" \/>\n\t<meta property=\"og:image:height\" content=\"1080\" \/>\n\t<meta property=\"og:image:type\" content=\"image\/png\" \/>\n<meta name=\"twitter:card\" content=\"summary_large_image\" \/>\n<meta name=\"twitter:label1\" content=\"Price\" \/>\n\t<meta name=\"twitter:data1\" content=\"8.320,00&#8378;\" \/>\n\t<meta name=\"twitter:label2\" content=\"Availability\" \/>\n\t<meta name=\"twitter:data2\" content=\"In stock\" \/>\n<script type=\"application\/ld+json\" class=\"yoast-schema-graph\">{\"@context\":\"https:\/\/schema.org\",\"@graph\":[{\"@type\":\"WebPage\",\"@id\":\"https:\/\/www.dendesign.com.tr\/urun\/grid-puf-s-yesil\/\",\"url\":\"https:\/\/www.dendesign.com.tr\/urun\/grid-puf-s-yesil\/\",\"name\":\"GRID Puf S Ye\u015fil | Den Design\",\"isPartOf\":{\"@id\":\"https:\/\/www.dendesign.com.tr\/#website\"},\"primaryImageOfPage\":{\"@id\":\"https:\/\/www.dendesign.com.tr\/urun\/grid-puf-s-yesil\/#primaryimage\"},\"image\":{\"@id\":\"https:\/\/www.dendesign.com.tr\/urun\/grid-puf-s-yesil\/#primaryimage\"},\"thumbnailUrl\":\"https:\/\/www.dendesign.com.tr\/wp-content\/uploads\/2022\/07\/yes\u0327il-ortali.png\",\"datePublished\":\"2022-07-17T15:57:46+00:00\",\"dateModified\":\"2024-10-17T09:29:54+00:00\",\"description\":\"GRID Puf, k\u00fcbik tasar\u0131m\u0131 ve detaylar\u0131 sayesinde zamans\u0131z bir modeldir. D\u00f6\u015feme: Nefes alan pamuklu kuma\u015flar kullan\u0131larak \u00fcretilmektedir. Kuma\u015f alternatifleri i\u00e7in ileti\u015fime ge\u00e7ebilirsiniz. Stokta olmasa da sipari\u015f verilebilir. Stokta olmayan \u00fcr\u00fcnler i\u00e7i \u00fcretim s\u00fcresi 4 haftad\u0131r.\",\"breadcrumb\":{\"@id\":\"https:\/\/www.dendesign.com.tr\/urun\/grid-puf-s-yesil\/#breadcrumb\"},\"inLanguage\":\"en-US\",\"potentialAction\":[{\"@type\":\"ReadAction\",\"target\":[\"https:\/\/www.dendesign.com.tr\/urun\/grid-puf-s-yesil\/\"]}]},{\"@type\":\"ImageObject\",\"inLanguage\":\"en-US\",\"@id\":\"https:\/\/www.dendesign.com.tr\/urun\/grid-puf-s-yesil\/#primaryimage\",\"url\":\"https:\/\/www.dendesign.com.tr\/wp-content\/uploads\/2022\/07\/yes\u0327il-ortali.png\",\"contentUrl\":\"https:\/\/www.dendesign.com.tr\/wp-content\/uploads\/2022\/07\/yes\u0327il-ortali.png\",\"width\":1080,\"height\":1080},{\"@type\":\"BreadcrumbList\",\"@id\":\"https:\/\/www.dendesign.com.tr\/urun\/grid-puf-s-yesil\/#breadcrumb\",\"itemListElement\":[{\"@type\":\"ListItem\",\"position\":1,\"name\":\"Anasayfa\",\"item\":\"https:\/\/www.dendesign.com.tr\/\"},{\"@type\":\"ListItem\",\"position\":2,\"name\":\"Shop\",\"item\":\"https:\/\/www.dendesign.com.tr\/en\/shop\/\"},{\"@type\":\"ListItem\",\"position\":3,\"name\":\"GRID Puf S Ye\u015fil\"}]},{\"@type\":\"WebSite\",\"@id\":\"https:\/\/www.dendesign.com.tr\/#website\",\"url\":\"https:\/\/www.dendesign.com.tr\/\",\"name\":\"Den Design\",\"description\":\"Nesilden nesile zamans\u0131z tasar\u0131m\",\"publisher\":{\"@id\":\"https:\/\/www.dendesign.com.tr\/#organization\"},\"potentialAction\":[{\"@type\":\"SearchAction\",\"target\":{\"@type\":\"EntryPoint\",\"urlTemplate\":\"https:\/\/www.dendesign.com.tr\/?s={search_term_string}\"},\"query-input\":\"required name=search_term_string\"}],\"inLanguage\":\"en-US\"},{\"@type\":\"Organization\",\"@id\":\"https:\/\/www.dendesign.com.tr\/#organization\",\"name\":\"Den Design\",\"url\":\"https:\/\/www.dendesign.com.tr\/\",\"logo\":{\"@type\":\"ImageObject\",\"inLanguage\":\"en-US\",\"@id\":\"https:\/\/www.dendesign.com.tr\/#\/schema\/logo\/image\/\",\"url\":\"https:\/\/www.dendesign.com.tr\/wp-content\/uploads\/2021\/04\/denkare.jpg\",\"contentUrl\":\"https:\/\/www.dendesign.com.tr\/wp-content\/uploads\/2021\/04\/denkare.jpg\",\"width\":1000,\"height\":1000,\"caption\":\"Den Design\"},\"image\":{\"@id\":\"https:\/\/www.dendesign.com.tr\/#\/schema\/logo\/image\/\"},\"sameAs\":[\"https:\/\/www.facebook.com\/dendesign.tr\",\"https:\/\/www.instagram.com\/dendesign.tr\/?hl=tr\"]}]}<\/script>\n<meta property=\"product:price:amount\" content=\"8320.00\" \/>\n<meta property=\"product:price:currency\" content=\"TRY\" \/>\n<meta property=\"og:availability\" content=\"instock\" \/>\n<meta property=\"product:availability\" content=\"instock\" \/>\n<meta property=\"product:condition\" content=\"new\" \/>\n<!-- \/ Yoast SEO plugin. -->","yoast_head_json":{"title":"GRID Puf S Ye\u015fil | Den Design","description":"GRID Puf, k\u00fcbik tasar\u0131m\u0131 ve detaylar\u0131 sayesinde zamans\u0131z bir modeldir.  D\u00f6\u015feme: Nefes alan pamuklu kuma\u015flar kullan\u0131larak \u00fcretilmektedir. Kuma\u015f alternatifleri i\u00e7in ileti\u015fime ge\u00e7ebilirsiniz.  Stokta olmasa da sipari\u015f verilebilir. Stokta olmayan \u00fcr\u00fcnler i\u00e7i \u00fcretim s\u00fcresi 4 haftad\u0131r.","robots":{"index":"index","follow":"follow","max-snippet":"max-snippet:-1","max-image-preview":"max-image-preview:large","max-video-preview":"max-video-preview:-1"},"canonical":"https:\/\/www.dendesign.com.tr\/urun\/grid-puf-s-yesil\/","og_locale":"en_US","og_type":"article","og_title":"GRID Puf S Ye\u015fil | Den Design","og_description":"GRID Puf, k\u00fcbik tasar\u0131m\u0131 ve detaylar\u0131 sayesinde zamans\u0131z bir modeldir.  D\u00f6\u015feme: Nefes alan pamuklu kuma\u015flar kullan\u0131larak \u00fcretilmektedir. Kuma\u015f alternatifleri i\u00e7in ileti\u015fime ge\u00e7ebilirsiniz.  Stokta olmasa da sipari\u015f verilebilir. Stokta olmayan \u00fcr\u00fcnler i\u00e7i \u00fcretim s\u00fcresi 4 haftad\u0131r.","og_url":"https:\/\/www.dendesign.com.tr\/urun\/grid-puf-s-yesil\/","og_site_name":"Den Design","article_publisher":"https:\/\/www.facebook.com\/dendesign.tr","article_modified_time":"2024-10-17T09:29:54+00:00","og_image":[{"width":1080,"height":1080,"url":"https:\/\/www.dendesign.com.tr\/wp-content\/uploads\/2022\/07\/yes\u0327il-ortali.png","type":"image\/png"}],"twitter_card":"summary_large_image","twitter_misc":{"Price":"8.320,00&#8378;","Availability":"In stock"},"schema":{"@context":"https:\/\/schema.org","@graph":[{"@type":"WebPage","@id":"https:\/\/www.dendesign.com.tr\/urun\/grid-puf-s-yesil\/","url":"https:\/\/www.dendesign.com.tr\/urun\/grid-puf-s-yesil\/","name":"GRID Puf S Ye\u015fil | Den Design","isPartOf":{"@id":"https:\/\/www.dendesign.com.tr\/#website"},"primaryImageOfPage":{"@id":"https:\/\/www.dendesign.com.tr\/urun\/grid-puf-s-yesil\/#primaryimage"},"image":{"@id":"https:\/\/www.dendesign.com.tr\/urun\/grid-puf-s-yesil\/#primaryimage"},"thumbnailUrl":"https:\/\/www.dendesign.com.tr\/wp-content\/uploads\/2022\/07\/yes\u0327il-ortali.png","datePublished":"2022-07-17T15:57:46+00:00","dateModified":"2024-10-17T09:29:54+00:00","description":"GRID Puf, k\u00fcbik tasar\u0131m\u0131 ve detaylar\u0131 sayesinde zamans\u0131z bir modeldir. D\u00f6\u015feme: Nefes alan pamuklu kuma\u015flar kullan\u0131larak \u00fcretilmektedir. Kuma\u015f alternatifleri i\u00e7in ileti\u015fime ge\u00e7ebilirsiniz. Stokta olmasa da sipari\u015f verilebilir. Stokta olmayan \u00fcr\u00fcnler i\u00e7i \u00fcretim s\u00fcresi 4 haftad\u0131r.","breadcrumb":{"@id":"https:\/\/www.dendesign.com.tr\/urun\/grid-puf-s-yesil\/#breadcrumb"},"inLanguage":"en-US","potentialAction":[{"@type":"ReadAction","target":["https:\/\/www.dendesign.com.tr\/urun\/grid-puf-s-yesil\/"]}]},{"@type":"ImageObject","inLanguage":"en-US","@id":"https:\/\/www.dendesign.com.tr\/urun\/grid-puf-s-yesil\/#primaryimage","url":"https:\/\/www.dendesign.com.tr\/wp-content\/uploads\/2022\/07\/yes\u0327il-ortali.png","contentUrl":"https:\/\/www.dendesign.com.tr\/wp-content\/uploads\/2022\/07\/yes\u0327il-ortali.png","width":1080,"height":1080},{"@type":"BreadcrumbList","@id":"https:\/\/www.dendesign.com.tr\/urun\/grid-puf-s-yesil\/#breadcrumb","itemListElement":[{"@type":"ListItem","position":1,"name":"Anasayfa","item":"https:\/\/www.dendesign.com.tr\/"},{"@type":"ListItem","position":2,"name":"Shop","item":"https:\/\/www.dendesign.com.tr\/en\/shop\/"},{"@type":"ListItem","position":3,"name":"GRID Puf S Ye\u015fil"}]},{"@type":"WebSite","@id":"https:\/\/www.dendesign.com.tr\/#website","url":"https:\/\/www.dendesign.com.tr\/","name":"Den Design","description":"Nesilden nesile zamans\u0131z tasar\u0131m","publisher":{"@id":"https:\/\/www.dendesign.com.tr\/#organization"},"potentialAction":[{"@type":"SearchAction","target":{"@type":"EntryPoint","urlTemplate":"https:\/\/www.dendesign.com.tr\/?s={search_term_string}"},"query-input":"required name=search_term_string"}],"inLanguage":"en-US"},{"@type":"Organization","@id":"https:\/\/www.dendesign.com.tr\/#organization","name":"Den Design","url":"https:\/\/www.dendesign.com.tr\/","logo":{"@type":"ImageObject","inLanguage":"en-US","@id":"https:\/\/www.dendesign.com.tr\/#\/schema\/logo\/image\/","url":"https:\/\/www.dendesign.com.tr\/wp-content\/uploads\/2021\/04\/denkare.jpg","contentUrl":"https:\/\/www.dendesign.com.tr\/wp-content\/uploads\/2021\/04\/denkare.jpg","width":1000,"height":1000,"caption":"Den Design"},"image":{"@id":"https:\/\/www.dendesign.com.tr\/#\/schema\/logo\/image\/"},"sameAs":["https:\/\/www.facebook.com\/dendesign.tr","https:\/\/www.instagram.com\/dendesign.tr\/?hl=tr"]}]},"product_price_amount":"8320.00","product_price_currency":"TRY","og_availability":"instock","product_availability":"instock","product_condition":"new"},"_links":{"self":[{"href":"https:\/\/www.dendesign.com.tr\/en\/wp-json\/wp\/v2\/product\/13743","targetHints":{"allow":["GET"]}}],"collection":[{"href":"https:\/\/www.dendesign.com.tr\/en\/wp-json\/wp\/v2\/product"}],"about":[{"href":"https:\/\/www.dendesign.com.tr\/en\/wp-json\/wp\/v2\/types\/product"}],"replies":[{"embeddable":true,"href":"https:\/\/www.dendesign.com.tr\/en\/wp-json\/wp\/v2\/comments?post=13743"}],"version-history":[{"count":4,"href":"https:\/\/www.dendesign.com.tr\/en\/wp-json\/wp\/v2\/product\/13743\/revisions"}],"predecessor-version":[{"id":14961,"href":"https:\/\/www.dendesign.com.tr\/en\/wp-json\/wp\/v2\/product\/13743\/revisions\/14961"}],"wp:featuredmedia":[{"embeddable":true,"href":"https:\/\/www.dendesign.com.tr\/en\/wp-json\/wp\/v2\/media\/13746"}],"wp:attachment":[{"href":"https:\/\/www.dendesign.com.tr\/en\/wp-json\/wp\/v2\/media?parent=13743"}],"wp:term":[{"taxonomy":"product_cat","embeddable":true,"href":"https:\/\/www.dendesign.com.tr\/en\/wp-json\/wp\/v2\/product_cat?post=13743"},{"taxonomy":"product_tag","embeddable":true,"href":"https:\/\/www.dendesign.com.tr\/en\/wp-json\/wp\/v2\/product_tag?post=13743"}],"curies":[{"name":"wp","href":"https:\/\/api.w.org\/{rel}","templated":true}]}}