{"id":12792,"date":"2017-07-04T12:14:17","date_gmt":"2017-07-04T09:14:17","guid":{"rendered":"https:\/\/www.dendesign.com.tr\/blog\/"},"modified":"2022-06-08T09:01:43","modified_gmt":"2022-06-08T06:01:43","slug":"blog","status":"publish","type":"page","link":"https:\/\/www.dendesign.com.tr\/en\/blog\/","title":{"rendered":"Blog"},"content":{"rendered":"\t\t<div data-elementor-type=\"wp-page\" data-elementor-id=\"12792\" class=\"elementor elementor-12792 elementor-770\" data-elementor-post-type=\"page\">\n\t\t\t\t\t\t<section class=\"wd-negative-gap elementor-section elementor-top-section elementor-element elementor-element-6138558 elementor-section-boxed elementor-section-height-default elementor-section-height-default\" data-id=\"6138558\" data-element_type=\"section\">\n\t\t\t\t\t\t<div class=\"elementor-container elementor-column-gap-default\">\n\t\t\t\t\t<div class=\"elementor-column elementor-col-100 elementor-top-column elementor-element elementor-element-1931057\" data-id=\"1931057\" data-element_type=\"column\">\n\t\t\t<div class=\"elementor-widget-wrap elementor-element-populated\">\n\t\t\t\t\t\t<div class=\"elementor-element elementor-element-ff980b8 pp-equal-height-yes elementor-grid-3 elementor-grid-tablet-2 elementor-grid-mobile-1 elementor-widget elementor-widget-pp-posts\" data-id=\"ff980b8\" data-element_type=\"widget\" data-widget_type=\"pp-posts.overlap\">\n\t\t\t\t<div class=\"elementor-widget-container\">\n\t\t\t\t\t<div class=\"pp-posts-container pp-posts-infinite-scroll\">\n\t\t\t\n\t\t\t\t\t\t\t\t\t\t\n\t\t\t<div class=\"pp-posts pp-posts-skin-overlap elementor-grid pp-posts-grid\" data-query-type=\"custom\" data-layout=\"grid\" data-page=\"12792\" data-skin=\"overlap\">\n\t\t\t\t\t\t\t\t\t\t\t<div class=\"pp-post-wrap pp-grid-item-wrap elementor-grid-item post-14247 post type-post status-publish format-standard has-post-thumbnail hentry category-blog\">\n\t\t\t\t\t\t<div class=\"pp-post pp-grid-item\">\n\t\t\t\t\t\t<div class=\"pp-post-thumbnail\">\n\t\t\t<a href=\"https:\/\/www.dendesign.com.tr\/en\/nova-ailesi\/\" title=\"NOVA A\u0130LES\u0130\"><img fetchpriority=\"high\" decoding=\"async\" width=\"600\" height=\"900\" src=\"https:\/\/www.dendesign.com.tr\/wp-content\/uploads\/2022\/10\/NOVA-AILE-RENDER--600x900.png\" class=\"attachment-large size-large wp-image-14321\" alt=\"\" \/><\/a>\t\t<\/div>\n\n\t\t\n\t\t\t\t<div class=\"pp-post-content-wrap\">\n\t\t\t\t\t<div class=\"pp-post-content\">\n\t\t\t\t\t\t\t\t\t\t\t\t<h2 class=\"pp-post-title\">\n\t\t\t\t<a href=\"https:\/\/www.dendesign.com.tr\/en\/nova-ailesi\/\">NOVA A\u0130LES\u0130<\/a>\t\t\t<\/h2>\n\t\t\t\t\t\t\t<div class=\"pp-post-excerpt\">\n\t\t\t<p>NOVA ailesi, \u00fc\u00e7 ana \u00fcr\u00fcnden olu\u015fmaktad\u0131r: TV sehpas\u0131, Konsol ve Kitapl\u0131k. K\u00f6\u015feli ve sade hatlar\u0131yla \u00f6ne \u00e7\u0131kmaktad\u0131r. \u00a0Kenar kesimiyle \u00f6ne &#8230;<\/p>\n\t\t<\/div>\n\t\t\t\t\t\t\t\t\t<\/div>\n\t\t\t\t\t\t\t\t\t<\/div>\n\t\t\t<\/div>\n\t\t\t\t\t<\/div>\n\t\t\t\t<div class=\"pp-post-wrap pp-grid-item-wrap elementor-grid-item post-14259 post type-post status-publish format-standard has-post-thumbnail hentry category-blog\">\n\t\t\t\t\t\t<div class=\"pp-post pp-grid-item\">\n\t\t\t\t\t\t<div class=\"pp-post-thumbnail\">\n\t\t\t<a href=\"https:\/\/www.dendesign.com.tr\/en\/pera-ailesi\/\" title=\"PERA A\u0130LES\u0130\"><img decoding=\"async\" width=\"600\" height=\"900\" src=\"https:\/\/www.dendesign.com.tr\/wp-content\/uploads\/2022\/10\/PERA-AILE-RENDER--600x900.png\" class=\"attachment-large size-large wp-image-14326\" alt=\"\" \/><\/a>\t\t<\/div>\n\n\t\t\n\t\t\t\t<div class=\"pp-post-content-wrap\">\n\t\t\t\t\t<div class=\"pp-post-content\">\n\t\t\t\t\t\t\t\t\t\t\t\t<h2 class=\"pp-post-title\">\n\t\t\t\t<a href=\"https:\/\/www.dendesign.com.tr\/en\/pera-ailesi\/\">PERA A\u0130LES\u0130<\/a>\t\t\t<\/h2>\n\t\t\t\t\t\t\t<div class=\"pp-post-excerpt\">\n\t\t\t<p>PERA Ailesi, Konsol; vitrin ve b\u00fcfe olmak \u00fczere \u00fc\u00e7 \u00fcr\u00fcnden olu\u015fmaktad\u0131r. Kapaklar\u0131nda cam kullan\u0131lmas\u0131 \u00fcr\u00fcn\u00fcn en g\u00f6ze \u00e7arpan \u00f6zelli\u011fidir. B\u00f6ylelikle &#8230;<\/p>\n\t\t<\/div>\n\t\t\t\t\t\t\t\t\t<\/div>\n\t\t\t\t\t\t\t\t\t<\/div>\n\t\t\t<\/div>\n\t\t\t\t\t<\/div>\n\t\t\t\t<div class=\"pp-post-wrap pp-grid-item-wrap elementor-grid-item post-14206 post type-post status-publish format-standard has-post-thumbnail hentry category-blog\">\n\t\t\t\t\t\t<div class=\"pp-post pp-grid-item\">\n\t\t\t\t\t\t<div class=\"pp-post-thumbnail\">\n\t\t\t<a href=\"https:\/\/www.dendesign.com.tr\/en\/grey-ailesi\/\" title=\"GREY A\u0130LES\u0130\"><img decoding=\"async\" width=\"600\" height=\"900\" src=\"https:\/\/www.dendesign.com.tr\/wp-content\/uploads\/2022\/10\/GREY-AILE-RENDER-600x900.png\" class=\"attachment-large size-large wp-image-14318\" alt=\"\" \/><\/a>\t\t<\/div>\n\n\t\t\n\t\t\t\t<div class=\"pp-post-content-wrap\">\n\t\t\t\t\t<div class=\"pp-post-content\">\n\t\t\t\t\t\t\t\t\t\t\t\t<h2 class=\"pp-post-title\">\n\t\t\t\t<a href=\"https:\/\/www.dendesign.com.tr\/en\/grey-ailesi\/\">GREY A\u0130LES\u0130<\/a>\t\t\t<\/h2>\n\t\t\t\t\t\t\t<div class=\"pp-post-excerpt\">\n\t\t\t<p>GREY A\u0130LES\u0130, \u015fifonyer, dresuar; komodin ve orta sehpadan olu\u015fmaktad\u0131r. Keskin hatlar\u0131 ve kenar kesim detaylar\u0131 ile bir \u00fcr\u00fcn ailesi olu\u015ftururlar. &#8230;<\/p>\n\t\t<\/div>\n\t\t\t\t\t\t\t\t\t<\/div>\n\t\t\t\t\t\t\t\t\t<\/div>\n\t\t\t<\/div>\n\t\t\t\t\t<\/div>\n\t\t\t\t<div class=\"pp-post-wrap pp-grid-item-wrap elementor-grid-item post-14237 post type-post status-publish format-standard has-post-thumbnail hentry category-blog\">\n\t\t\t\t\t\t<div class=\"pp-post pp-grid-item\">\n\t\t\t\t\t\t<div class=\"pp-post-thumbnail\">\n\t\t\t<a href=\"https:\/\/www.dendesign.com.tr\/en\/ida-ailesi\/\" title=\"\u0130DA A\u0130LES\u0130\"><img loading=\"lazy\" decoding=\"async\" width=\"600\" height=\"900\" src=\"https:\/\/www.dendesign.com.tr\/wp-content\/uploads\/2022\/10\/IDA-AILE-RENDER-I--600x900.png\" class=\"attachment-large size-large wp-image-14330\" alt=\"\" \/><\/a>\t\t<\/div>\n\n\t\t\n\t\t\t\t<div class=\"pp-post-content-wrap\">\n\t\t\t\t\t<div class=\"pp-post-content\">\n\t\t\t\t\t\t\t\t\t\t\t\t<h2 class=\"pp-post-title\">\n\t\t\t\t<a href=\"https:\/\/www.dendesign.com.tr\/en\/ida-ailesi\/\">\u0130DA A\u0130LES\u0130<\/a>\t\t\t<\/h2>\n\t\t\t\t\t\t\t<div class=\"pp-post-excerpt\">\n\t\t\t<p>IDA ailesi ,toplamda iki par\u00e7adan olu\u015fmaktad\u0131r: \u00c7al\u0131\u015fma masas\u0131 ve dresuar. A\u00e7\u0131l\u0131 ayak ve tabla yap\u0131s\u0131 Sade Masa&#8217;ya and\u0131rmas\u0131 \u00fcr\u00fcnlerimizin birbiri &#8230;<\/p>\n\t\t<\/div>\n\t\t\t\t\t\t\t\t\t<\/div>\n\t\t\t\t\t\t\t\t\t<\/div>\n\t\t\t<\/div>\n\t\t\t\t\t<\/div>\n\t\t\t\t<div class=\"pp-post-wrap pp-grid-item-wrap elementor-grid-item post-14227 post type-post status-publish format-standard has-post-thumbnail hentry category-blog\">\n\t\t\t\t\t\t<div class=\"pp-post pp-grid-item\">\n\t\t\t\t\t\t<div class=\"pp-post-thumbnail\">\n\t\t\t<a href=\"https:\/\/www.dendesign.com.tr\/en\/ela-ailesi\/\" title=\"ELA A\u0130LES\u0130\"><img loading=\"lazy\" decoding=\"async\" width=\"600\" height=\"900\" src=\"https:\/\/www.dendesign.com.tr\/wp-content\/uploads\/2022\/10\/ELA-AILE-RENDER-1-600x900.png\" class=\"attachment-large size-large wp-image-14314\" alt=\"\" \/><\/a>\t\t<\/div>\n\n\t\t\n\t\t\t\t<div class=\"pp-post-content-wrap\">\n\t\t\t\t\t<div class=\"pp-post-content\">\n\t\t\t\t\t\t\t\t\t\t\t\t<h2 class=\"pp-post-title\">\n\t\t\t\t<a href=\"https:\/\/www.dendesign.com.tr\/en\/ela-ailesi\/\">ELA A\u0130LES\u0130<\/a>\t\t\t<\/h2>\n\t\t\t\t\t\t\t<div class=\"pp-post-excerpt\">\n\t\t\t<p>ELA ailesi, komodin ve \u015fifonyerden olu\u015fan bir ailedir. Serinin en dikkat \u00e7eken \u00f6zelli\u011fi yumu\u015fat\u0131lm\u0131\u015f k\u00f6\u015feleridir. Geni\u015f \u00e7ekmeceleri bir\u00e7ok objeyi depolama &#8230;<\/p>\n\t\t<\/div>\n\t\t\t\t\t\t\t\t\t<\/div>\n\t\t\t\t\t\t\t\t\t<\/div>\n\t\t\t<\/div>\n\t\t\t\t\t<\/div>\n\t\t\t\t<div class=\"pp-post-wrap pp-grid-item-wrap elementor-grid-item post-9747 post type-post status-publish format-standard has-post-thumbnail hentry category-blog\">\n\t\t\t\t\t\t<div class=\"pp-post pp-grid-item\">\n\t\t\t\t\t\t<div class=\"pp-post-thumbnail\">\n\t\t\t<a href=\"https:\/\/www.dendesign.com.tr\/en\/mid-century-modern-stilin-6-niteligi\/\" title=\"Mid-Century Modern Stilin 6 Niteli\u011fi\"><img loading=\"lazy\" decoding=\"async\" width=\"600\" height=\"900\" src=\"https:\/\/www.dendesign.com.tr\/wp-content\/uploads\/2021\/04\/Shop-The-Look_-Mid-Century-Living-Room-Decor-600x900.jpeg\" class=\"attachment-large size-large wp-image-9753\" alt=\"\" \/><\/a>\t\t<\/div>\n\n\t\t\n\t\t\t\t<div class=\"pp-post-content-wrap\">\n\t\t\t\t\t<div class=\"pp-post-content\">\n\t\t\t\t\t\t\t\t\t\t\t\t<h2 class=\"pp-post-title\">\n\t\t\t\t<a href=\"https:\/\/www.dendesign.com.tr\/en\/mid-century-modern-stilin-6-niteligi\/\">Mid-Century Modern Stilin 6 Niteli\u011fi<\/a>\t\t\t<\/h2>\n\t\t\t\t\t\t\t<div class=\"pp-post-excerpt\">\n\t\t\t<p>Malzeme se\u00e7iminin tarza etkisi 1930 &#8211; 1940 y\u0131llar\u0131nda pop\u00fcler olmaya ba\u015flayan ve zamans\u0131z tarz\u0131 ile hi\u00e7 bir zaman demode olmad\u0131. &#8230;<\/p>\n\t\t<\/div>\n\t\t\t\t\t\t\t\t\t<\/div>\n\t\t\t\t\t\t\t\t\t<\/div>\n\t\t\t<\/div>\n\t\t\t\t\t<\/div>\n\t\t\t\t<div class=\"pp-post-wrap pp-grid-item-wrap elementor-grid-item post-9761 post type-post status-publish format-standard has-post-thumbnail hentry category-blog\">\n\t\t\t\t\t\t<div class=\"pp-post pp-grid-item\">\n\t\t\t\t\t\t<div class=\"pp-post-thumbnail\">\n\t\t\t<a href=\"https:\/\/www.dendesign.com.tr\/en\/terrazzo-bakimi\/\" title=\"Terrazzo Bak\u0131m\u0131\"><img loading=\"lazy\" decoding=\"async\" width=\"600\" height=\"900\" src=\"https:\/\/www.dendesign.com.tr\/wp-content\/uploads\/2021\/04\/46-600x900.jpg\" class=\"attachment-large size-large wp-image-9763\" alt=\"\" srcset=\"https:\/\/www.dendesign.com.tr\/wp-content\/uploads\/2021\/04\/46-600x900.jpg 600w, https:\/\/www.dendesign.com.tr\/wp-content\/uploads\/2021\/04\/46-200x300.jpg 200w, https:\/\/www.dendesign.com.tr\/wp-content\/uploads\/2021\/04\/46-768x1152.jpg 768w, https:\/\/www.dendesign.com.tr\/wp-content\/uploads\/2021\/04\/46-1024x1536.jpg 1024w, https:\/\/www.dendesign.com.tr\/wp-content\/uploads\/2021\/04\/46-1365x2048.jpg 1365w, https:\/\/www.dendesign.com.tr\/wp-content\/uploads\/2021\/04\/46-1200x1800.jpg 1200w, https:\/\/www.dendesign.com.tr\/wp-content\/uploads\/2021\/04\/46-scaled.jpg 1707w\" sizes=\"(max-width: 600px) 100vw, 600px\" \/><\/a>\t\t<\/div>\n\n\t\t\n\t\t\t\t<div class=\"pp-post-content-wrap\">\n\t\t\t\t\t<div class=\"pp-post-content\">\n\t\t\t\t\t\t\t\t\t\t\t\t<h2 class=\"pp-post-title\">\n\t\t\t\t<a href=\"https:\/\/www.dendesign.com.tr\/en\/terrazzo-bakimi\/\">Terrazzo Bak\u0131m\u0131<\/a>\t\t\t<\/h2>\n\t\t\t\t\t\t\t<div class=\"pp-post-excerpt\">\n\t\t\t<p>Do\u011fal Malzeme Uzun y\u0131llard\u0131r a\u011f\u0131rl\u0131kl\u0131 olarak zemin ve merdiven d\u00f6\u015feme malzemesi olarak s\u0131kl\u0131kla tercih edilen terrazzo g\u00fcn\u00fcm\u00fczde dekoratif \u00fcr\u00fcnlerle \u015fekil &#8230;<\/p>\n\t\t<\/div>\n\t\t\t\t\t\t\t\t\t<\/div>\n\t\t\t\t\t\t\t\t\t<\/div>\n\t\t\t<\/div>\n\t\t\t\t\t<\/div>\n\t\t\t\t<div class=\"pp-post-wrap pp-grid-item-wrap elementor-grid-item post-9516 post type-post status-publish format-standard has-post-thumbnail hentry category-blog\">\n\t\t\t\t\t\t<div class=\"pp-post pp-grid-item\">\n\t\t\t\t\t\t<div class=\"pp-post-thumbnail\">\n\t\t\t<a href=\"https:\/\/www.dendesign.com.tr\/en\/kanepe-secimi\/\" title=\"Kanepe Se\u00e7imi\"><img loading=\"lazy\" decoding=\"async\" width=\"650\" height=\"975\" src=\"https:\/\/www.dendesign.com.tr\/wp-content\/uploads\/2021\/04\/denblog02-683x1024.jpeg\" class=\"attachment-large size-large wp-image-9518\" alt=\"\" srcset=\"https:\/\/www.dendesign.com.tr\/wp-content\/uploads\/2021\/04\/denblog02-683x1024.jpeg 683w, https:\/\/www.dendesign.com.tr\/wp-content\/uploads\/2021\/04\/denblog02-200x300.jpeg 200w, https:\/\/www.dendesign.com.tr\/wp-content\/uploads\/2021\/04\/denblog02-768x1152.jpeg 768w, https:\/\/www.dendesign.com.tr\/wp-content\/uploads\/2021\/04\/denblog02-1024x1536.jpeg 1024w, https:\/\/www.dendesign.com.tr\/wp-content\/uploads\/2021\/04\/denblog02-1365x2048.jpeg 1365w, https:\/\/www.dendesign.com.tr\/wp-content\/uploads\/2021\/04\/denblog02-1200x1800.jpeg 1200w, https:\/\/www.dendesign.com.tr\/wp-content\/uploads\/2021\/04\/denblog02.jpeg 1500w\" sizes=\"(max-width: 650px) 100vw, 650px\" \/><\/a>\t\t<\/div>\n\n\t\t\n\t\t\t\t<div class=\"pp-post-content-wrap\">\n\t\t\t\t\t<div class=\"pp-post-content\">\n\t\t\t\t\t\t\t\t\t\t\t\t<h2 class=\"pp-post-title\">\n\t\t\t\t<a href=\"https:\/\/www.dendesign.com.tr\/en\/kanepe-secimi\/\">Kanepe Se\u00e7imi<\/a>\t\t\t<\/h2>\n\t\t\t\t\t\t\t<div class=\"pp-post-excerpt\">\n\t\t\t<p>Malzeme se\u00e7iminin tarza etkisi Mobilyada kullan\u0131lan malzeme, \u00fcr\u00fcn\u00fc tamamiyle de\u011fi\u015ftirme potansiyeline sahip bir tercihtir. Ayn\u0131 model kanepeyi ayaklar\u0131nda kullan\u0131lan malzeme &#8230;<\/p>\n\t\t<\/div>\n\t\t\t\t\t\t\t\t\t<\/div>\n\t\t\t\t\t\t\t\t\t<\/div>\n\t\t\t<\/div>\n\t\t\t\t\t<\/div>\n\t\t\t\t\t\t\t\t\t<\/div>\n\t\t\t\n\t\t\t\n\t\t\t\t\t\t<div class=\"pp-posts-loader\"><\/div>\n\t\t\t\n\t\t\t\n\t\t\t\t\t\t\t\t\t\t\t<div class=\"pp-posts-pagination-wrap pp-posts-pagination-bottom\">\n\t\t\t\t\t\t\t\t\t<\/div>\n\t\t\t\t\t\t\t\t\t<\/div>\n\n\t\t\n\t\t\t\t<\/div>\n\t\t\t\t<\/div>\n\t\t\t\t\t<\/div>\n\t\t<\/div>\n\t\t\t\t\t<\/div>\n\t\t<\/section>\n\t\t\t\t<\/div>\n\t\t","protected":false},"excerpt":{"rendered":"<p>Mid-Century Modern Stilin 6 Niteli\u011fi Malzeme se\u00e7iminin tarza etkisi 1930 &#8211; 1940 y\u0131llar\u0131nda pop\u00fcler olmaya ba\u015flayan ve zamans\u0131z tarz\u0131 ile<\/p>\n","protected":false},"author":1,"featured_media":0,"parent":0,"menu_order":29,"comment_status":"closed","ping_status":"closed","template":"","meta":{"footnotes":""},"class_list":["post-12792","page","type-page","status-publish","hentry"],"yoast_head":"<!-- This site is optimized with the Yoast SEO plugin v23.1 - https:\/\/yoast.com\/wordpress\/plugins\/seo\/ -->\n<title>Blog | Den Design<\/title>\n<meta name=\"description\" content=\"Terrazzo bak\u0131m\u0131 nas\u0131l yap\u0131l\u0131r? Mid-century modern stili evinizde nas\u0131l yakalayabilirsiniz? Hepsi ve daha fazlas\u0131 Den Design Blog&#039;da.\" \/>\n<meta name=\"robots\" content=\"index, follow, max-snippet:-1, max-image-preview:large, max-video-preview:-1\" \/>\n<link rel=\"canonical\" href=\"https:\/\/www.dendesign.com.tr\/en\/blog\/\" \/>\n<meta property=\"og:locale\" content=\"en_US\" \/>\n<meta property=\"og:type\" content=\"article\" \/>\n<meta property=\"og:title\" content=\"Blog | Den Design\" \/>\n<meta property=\"og:description\" content=\"Terrazzo bak\u0131m\u0131 nas\u0131l yap\u0131l\u0131r? Mid-century modern stili evinizde nas\u0131l yakalayabilirsiniz? Hepsi ve daha fazlas\u0131 Den Design Blog&#039;da.\" \/>\n<meta property=\"og:url\" content=\"https:\/\/www.dendesign.com.tr\/en\/blog\/\" \/>\n<meta property=\"og:site_name\" content=\"Den Design\" \/>\n<meta property=\"article:publisher\" content=\"https:\/\/www.facebook.com\/dendesign.tr\" \/>\n<meta property=\"article:modified_time\" content=\"2022-06-08T06:01:43+00:00\" \/>\n<meta property=\"og:image\" content=\"https:\/\/www.dendesign.com.tr\/wp-content\/uploads\/2021\/04\/Shop-The-Look_-Mid-Century-Living-Room-Decor-600x900.jpeg\" \/>\n<meta name=\"twitter:card\" content=\"summary_large_image\" \/>\n<script type=\"application\/ld+json\" class=\"yoast-schema-graph\">{\"@context\":\"https:\/\/schema.org\",\"@graph\":[{\"@type\":\"WebPage\",\"@id\":\"https:\/\/www.dendesign.com.tr\/en\/blog\/\",\"url\":\"https:\/\/www.dendesign.com.tr\/en\/blog\/\",\"name\":\"Blog | Den Design\",\"isPartOf\":{\"@id\":\"https:\/\/www.dendesign.com.tr\/#website\"},\"primaryImageOfPage\":{\"@id\":\"https:\/\/www.dendesign.com.tr\/en\/blog\/#primaryimage\"},\"image\":{\"@id\":\"https:\/\/www.dendesign.com.tr\/en\/blog\/#primaryimage\"},\"thumbnailUrl\":\"https:\/\/www.dendesign.com.tr\/wp-content\/uploads\/2021\/04\/Shop-The-Look_-Mid-Century-Living-Room-Decor-600x900.jpeg\",\"datePublished\":\"2017-07-04T09:14:17+00:00\",\"dateModified\":\"2022-06-08T06:01:43+00:00\",\"description\":\"Terrazzo bak\u0131m\u0131 nas\u0131l yap\u0131l\u0131r? Mid-century modern stili evinizde nas\u0131l yakalayabilirsiniz? Hepsi ve daha fazlas\u0131 Den Design Blog'da.\",\"breadcrumb\":{\"@id\":\"https:\/\/www.dendesign.com.tr\/en\/blog\/#breadcrumb\"},\"inLanguage\":\"en-US\",\"potentialAction\":[{\"@type\":\"ReadAction\",\"target\":[\"https:\/\/www.dendesign.com.tr\/en\/blog\/\"]}]},{\"@type\":\"ImageObject\",\"inLanguage\":\"en-US\",\"@id\":\"https:\/\/www.dendesign.com.tr\/en\/blog\/#primaryimage\",\"url\":\"https:\/\/www.dendesign.com.tr\/wp-content\/uploads\/2021\/04\/Shop-The-Look_-Mid-Century-Living-Room-Decor-600x900.jpeg\",\"contentUrl\":\"https:\/\/www.dendesign.com.tr\/wp-content\/uploads\/2021\/04\/Shop-The-Look_-Mid-Century-Living-Room-Decor-600x900.jpeg\"},{\"@type\":\"BreadcrumbList\",\"@id\":\"https:\/\/www.dendesign.com.tr\/en\/blog\/#breadcrumb\",\"itemListElement\":[{\"@type\":\"ListItem\",\"position\":1,\"name\":\"Anasayfa\",\"item\":\"https:\/\/www.dendesign.com.tr\/\"},{\"@type\":\"ListItem\",\"position\":2,\"name\":\"Blog\"}]},{\"@type\":\"WebSite\",\"@id\":\"https:\/\/www.dendesign.com.tr\/#website\",\"url\":\"https:\/\/www.dendesign.com.tr\/\",\"name\":\"Den Design\",\"description\":\"Nesilden nesile zamans\u0131z tasar\u0131m\",\"publisher\":{\"@id\":\"https:\/\/www.dendesign.com.tr\/#organization\"},\"potentialAction\":[{\"@type\":\"SearchAction\",\"target\":{\"@type\":\"EntryPoint\",\"urlTemplate\":\"https:\/\/www.dendesign.com.tr\/?s={search_term_string}\"},\"query-input\":\"required name=search_term_string\"}],\"inLanguage\":\"en-US\"},{\"@type\":\"Organization\",\"@id\":\"https:\/\/www.dendesign.com.tr\/#organization\",\"name\":\"Den Design\",\"url\":\"https:\/\/www.dendesign.com.tr\/\",\"logo\":{\"@type\":\"ImageObject\",\"inLanguage\":\"en-US\",\"@id\":\"https:\/\/www.dendesign.com.tr\/#\/schema\/logo\/image\/\",\"url\":\"https:\/\/www.dendesign.com.tr\/wp-content\/uploads\/2021\/04\/denkare.jpg\",\"contentUrl\":\"https:\/\/www.dendesign.com.tr\/wp-content\/uploads\/2021\/04\/denkare.jpg\",\"width\":1000,\"height\":1000,\"caption\":\"Den Design\"},\"image\":{\"@id\":\"https:\/\/www.dendesign.com.tr\/#\/schema\/logo\/image\/\"},\"sameAs\":[\"https:\/\/www.facebook.com\/dendesign.tr\",\"https:\/\/www.instagram.com\/dendesign.tr\/?hl=tr\"]}]}<\/script>\n<!-- \/ Yoast SEO plugin. -->","yoast_head_json":{"title":"Blog | Den Design","description":"Terrazzo bak\u0131m\u0131 nas\u0131l yap\u0131l\u0131r? Mid-century modern stili evinizde nas\u0131l yakalayabilirsiniz? Hepsi ve daha fazlas\u0131 Den Design Blog'da.","robots":{"index":"index","follow":"follow","max-snippet":"max-snippet:-1","max-image-preview":"max-image-preview:large","max-video-preview":"max-video-preview:-1"},"canonical":"https:\/\/www.dendesign.com.tr\/en\/blog\/","og_locale":"en_US","og_type":"article","og_title":"Blog | Den Design","og_description":"Terrazzo bak\u0131m\u0131 nas\u0131l yap\u0131l\u0131r? Mid-century modern stili evinizde nas\u0131l yakalayabilirsiniz? Hepsi ve daha fazlas\u0131 Den Design Blog'da.","og_url":"https:\/\/www.dendesign.com.tr\/en\/blog\/","og_site_name":"Den Design","article_publisher":"https:\/\/www.facebook.com\/dendesign.tr","article_modified_time":"2022-06-08T06:01:43+00:00","og_image":[{"url":"https:\/\/www.dendesign.com.tr\/wp-content\/uploads\/2021\/04\/Shop-The-Look_-Mid-Century-Living-Room-Decor-600x900.jpeg"}],"twitter_card":"summary_large_image","schema":{"@context":"https:\/\/schema.org","@graph":[{"@type":"WebPage","@id":"https:\/\/www.dendesign.com.tr\/en\/blog\/","url":"https:\/\/www.dendesign.com.tr\/en\/blog\/","name":"Blog | Den Design","isPartOf":{"@id":"https:\/\/www.dendesign.com.tr\/#website"},"primaryImageOfPage":{"@id":"https:\/\/www.dendesign.com.tr\/en\/blog\/#primaryimage"},"image":{"@id":"https:\/\/www.dendesign.com.tr\/en\/blog\/#primaryimage"},"thumbnailUrl":"https:\/\/www.dendesign.com.tr\/wp-content\/uploads\/2021\/04\/Shop-The-Look_-Mid-Century-Living-Room-Decor-600x900.jpeg","datePublished":"2017-07-04T09:14:17+00:00","dateModified":"2022-06-08T06:01:43+00:00","description":"Terrazzo bak\u0131m\u0131 nas\u0131l yap\u0131l\u0131r? Mid-century modern stili evinizde nas\u0131l yakalayabilirsiniz? Hepsi ve daha fazlas\u0131 Den Design Blog'da.","breadcrumb":{"@id":"https:\/\/www.dendesign.com.tr\/en\/blog\/#breadcrumb"},"inLanguage":"en-US","potentialAction":[{"@type":"ReadAction","target":["https:\/\/www.dendesign.com.tr\/en\/blog\/"]}]},{"@type":"ImageObject","inLanguage":"en-US","@id":"https:\/\/www.dendesign.com.tr\/en\/blog\/#primaryimage","url":"https:\/\/www.dendesign.com.tr\/wp-content\/uploads\/2021\/04\/Shop-The-Look_-Mid-Century-Living-Room-Decor-600x900.jpeg","contentUrl":"https:\/\/www.dendesign.com.tr\/wp-content\/uploads\/2021\/04\/Shop-The-Look_-Mid-Century-Living-Room-Decor-600x900.jpeg"},{"@type":"BreadcrumbList","@id":"https:\/\/www.dendesign.com.tr\/en\/blog\/#breadcrumb","itemListElement":[{"@type":"ListItem","position":1,"name":"Anasayfa","item":"https:\/\/www.dendesign.com.tr\/"},{"@type":"ListItem","position":2,"name":"Blog"}]},{"@type":"WebSite","@id":"https:\/\/www.dendesign.com.tr\/#website","url":"https:\/\/www.dendesign.com.tr\/","name":"Den Design","description":"Nesilden nesile zamans\u0131z tasar\u0131m","publisher":{"@id":"https:\/\/www.dendesign.com.tr\/#organization"},"potentialAction":[{"@type":"SearchAction","target":{"@type":"EntryPoint","urlTemplate":"https:\/\/www.dendesign.com.tr\/?s={search_term_string}"},"query-input":"required name=search_term_string"}],"inLanguage":"en-US"},{"@type":"Organization","@id":"https:\/\/www.dendesign.com.tr\/#organization","name":"Den Design","url":"https:\/\/www.dendesign.com.tr\/","logo":{"@type":"ImageObject","inLanguage":"en-US","@id":"https:\/\/www.dendesign.com.tr\/#\/schema\/logo\/image\/","url":"https:\/\/www.dendesign.com.tr\/wp-content\/uploads\/2021\/04\/denkare.jpg","contentUrl":"https:\/\/www.dendesign.com.tr\/wp-content\/uploads\/2021\/04\/denkare.jpg","width":1000,"height":1000,"caption":"Den Design"},"image":{"@id":"https:\/\/www.dendesign.com.tr\/#\/schema\/logo\/image\/"},"sameAs":["https:\/\/www.facebook.com\/dendesign.tr","https:\/\/www.instagram.com\/dendesign.tr\/?hl=tr"]}]}},"_links":{"self":[{"href":"https:\/\/www.dendesign.com.tr\/en\/wp-json\/wp\/v2\/pages\/12792","targetHints":{"allow":["GET"]}}],"collection":[{"href":"https:\/\/www.dendesign.com.tr\/en\/wp-json\/wp\/v2\/pages"}],"about":[{"href":"https:\/\/www.dendesign.com.tr\/en\/wp-json\/wp\/v2\/types\/page"}],"author":[{"embeddable":true,"href":"https:\/\/www.dendesign.com.tr\/en\/wp-json\/wp\/v2\/users\/1"}],"replies":[{"embeddable":true,"href":"https:\/\/www.dendesign.com.tr\/en\/wp-json\/wp\/v2\/comments?post=12792"}],"version-history":[{"count":1,"href":"https:\/\/www.dendesign.com.tr\/en\/wp-json\/wp\/v2\/pages\/12792\/revisions"}],"predecessor-version":[{"id":12793,"href":"https:\/\/www.dendesign.com.tr\/en\/wp-json\/wp\/v2\/pages\/12792\/revisions\/12793"}],"wp:attachment":[{"href":"https:\/\/www.dendesign.com.tr\/en\/wp-json\/wp\/v2\/media?parent=12792"}],"curies":[{"name":"wp","href":"https:\/\/api.w.org\/{rel}","templated":true}]}}